{"id":27412,"date":"2026-02-13T10:02:42","date_gmt":"2026-02-13T09:02:42","guid":{"rendered":"https:\/\/mckformazione.it\/?post_type=product&#038;p=27412"},"modified":"2026-02-13T10:03:46","modified_gmt":"2026-02-13T09:03:46","slug":"corso-asl-alpha-beauty","status":"publish","type":"product","link":"https:\/\/mckformazione.it\/en\/product\/corso-asl-alpha-beauty\/","title":{"rendered":"CORSO ASL Alpha Beauty"},"content":{"rendered":"<p><strong>Competenze a fine corso<\/strong><br \/>\nOttieni l\u2019abilitazione per esercitare la professione di dermopigmentista. Il corso \u00e8 obbligatorio con DGR n.983 del 06 luglio 2016 e permette di ottenere l\u2019attestato riconosciuto dalla Regione Puglia e ASL. Per operare nel settore del trucco permanente dovrai acquisire la qualifica regionale di tatuaggio e piercing rilasciata dall\u2019Asl. Questo corso avanzato si focalizza sull\u2019acquisizione di conoscenze fondamentali, concentrandosi in particolare su aspetti igienico-sanitari, sulla prevenzione nei luoghi di lavoro, sulla dermatologia e fisiologia della pelle.<\/p>\n<p><strong>Esame e Rilascio certificato<\/strong><br \/>\nAi fini dell\u2019ammissione alla verifica finale dell\u2019idoneit\u00e0 per l\u2019esercizio dell\u2019attivit\u00e0 \u00e8 prevista una frequenza minima di almeno l\u201980% del monte ore complessivo, e una commissione composta dal Direttore, dai docenti del corso e dal responsabile del Servizio Igiene e Sanit\u00e0 Pubblica del Dipartimento di Prevenzione dell\u2019ASL Puglia, valuter\u00e0 l\u2019idoneit\u00e0 dei candidati. Superato l\u2019esame, previa valutazione dei docenti, avverr\u00e0 il rilascio dell\u2019attestato riconosciuto dalla Regione Puglia e ASL.<\/p>\n<p><strong>Il corso<\/strong><br \/>\nPer chi ha gi\u00e0 sostenuto un corso di trucco semipermanente con Alpha Beauty Academy, il corso \u00e8 stato strutturato in 15 lezioni di teoria in modalit\u00e0 online, esame 1 giorno in presenza presso la sede della Macko Academy di Monopoli.<\/p>\n<p><strong>Vedi programma completo<\/strong> https:\/\/macko.academy\/abilitazione-asl\/<\/p>\n<p>Durata del corso e date: i corsi partono ogni mese, durata massima di 2 mesi<br \/>\nCalendario lezioni: corso su Zoom, calendario fornito 10 giorni prima del corso tramite WhatsApp<br \/>\nMateriale fornito: slide, libro pdf, videoregistrazione lezioni<\/p>\n<p><img decoding=\"async\" class=\"alignnone wp-image-304\" src=\"https:\/\/shop.macko.academy\/wp-content\/uploads\/2024\/03\/ab-academy-logo-3.png\" alt=\"\" width=\"180\" height=\"180\" \/><\/p>\n","protected":false},"excerpt":{"rendered":"<p>Competenze a fine corso Ottieni l\u2019abilitazione per esercitare la professione di dermopigmentista. Il corso \u00e8 obbligatorio con DGR n.983 del 06 luglio 2016 e permette di ottenere l\u2019attestato riconosciuto dalla Regione Puglia e ASL. Per operare nel settore del trucco permanente dovrai acquisire la qualifica regionale di tatuaggio e piercing rilasciata dall\u2019Asl. Questo corso avanzato&#8230;<\/p>\n","protected":false},"featured_media":27428,"template":"","meta":[],"product_brand":[],"product_cat":[113,117],"product_tag":[],"class_list":{"0":"post-27412","1":"product","2":"type-product","3":"status-publish","4":"has-post-thumbnail","6":"product_cat-gli-essenziali","7":"product_cat-pmu","9":"first","10":"instock","11":"taxable","12":"shipping-taxable","13":"purchasable","14":"product-type-variable"},"yoast_head":"<!-- This site is optimized with the Yoast SEO plugin v27.2 - https:\/\/yoast.com\/product\/yoast-seo-wordpress\/ -->\n<title>MCK Formazione<\/title>\n<meta name=\"robots\" content=\"index, follow, max-snippet:-1, max-image-preview:large, max-video-preview:-1\" \/>\n<link rel=\"canonical\" href=\"https:\/\/mckformazione.it\/en\/product\/corso-asl-alpha-beauty\/\" \/>\n<meta property=\"og:locale\" content=\"en_US\" \/>\n<meta property=\"og:type\" content=\"article\" \/>\n<meta property=\"og:title\" content=\"CORSO ASL Alpha Beauty | MCK Formazione\" \/>\n<meta property=\"og:description\" content=\"Competenze a fine corso Ottieni l\u2019abilitazione per esercitare la professione di dermopigmentista. Il corso \u00e8 obbligatorio con DGR n.983 del 06 luglio 2016 e permette di ottenere l\u2019attestato riconosciuto dalla Regione Puglia e ASL. Per operare nel settore del trucco permanente dovrai acquisire la qualifica regionale di tatuaggio e piercing rilasciata dall\u2019Asl. Questo corso avanzato&#8230;\" \/>\n<meta property=\"og:url\" content=\"https:\/\/mckformazione.it\/en\/product\/corso-asl-alpha-beauty\/\" \/>\n<meta property=\"og:site_name\" content=\"MCK Formazione\" \/>\n<meta property=\"article:modified_time\" content=\"2026-02-13T09:03:46+00:00\" \/>\n<meta name=\"twitter:card\" content=\"summary_large_image\" \/>\n<meta name=\"twitter:label1\" content=\"Est. reading time\" \/>\n\t<meta name=\"twitter:data1\" content=\"1 minute\" \/>\n<script type=\"application\/ld+json\" class=\"yoast-schema-graph\">{\"@context\":\"https:\/\/schema.org\",\"@graph\":[{\"@type\":\"WebPage\",\"@id\":\"https:\/\/mckformazione.it\/en\/product\/corso-asl-alpha-beauty\/\",\"url\":\"https:\/\/mckformazione.it\/en\/product\/corso-asl-alpha-beauty\/\",\"name\":\"CORSO ASL Alpha Beauty | MCK Formazione\",\"isPartOf\":{\"@id\":\"https:\/\/mckformazione.it\/en\/#website\"},\"primaryImageOfPage\":{\"@id\":\"https:\/\/mckformazione.it\/en\/product\/corso-asl-alpha-beauty\/#primaryimage\"},\"image\":{\"@id\":\"https:\/\/mckformazione.it\/en\/product\/corso-asl-alpha-beauty\/#primaryimage\"},\"thumbnailUrl\":\"https:\/\/mckformazione.it\/wp-content\/uploads\/2026\/02\/corso-asl.jpg\",\"datePublished\":\"2026-02-13T09:02:42+00:00\",\"dateModified\":\"2026-02-13T09:03:46+00:00\",\"breadcrumb\":{\"@id\":\"https:\/\/mckformazione.it\/en\/product\/corso-asl-alpha-beauty\/#breadcrumb\"},\"inLanguage\":\"en-US\",\"potentialAction\":[{\"@type\":\"ReadAction\",\"target\":[\"https:\/\/mckformazione.it\/en\/product\/corso-asl-alpha-beauty\/\"]}]},{\"@type\":\"ImageObject\",\"inLanguage\":\"en-US\",\"@id\":\"https:\/\/mckformazione.it\/en\/product\/corso-asl-alpha-beauty\/#primaryimage\",\"url\":\"https:\/\/mckformazione.it\/wp-content\/uploads\/2026\/02\/corso-asl.jpg\",\"contentUrl\":\"https:\/\/mckformazione.it\/wp-content\/uploads\/2026\/02\/corso-asl.jpg\",\"width\":1000,\"height\":1000},{\"@type\":\"BreadcrumbList\",\"@id\":\"https:\/\/mckformazione.it\/en\/product\/corso-asl-alpha-beauty\/#breadcrumb\",\"itemListElement\":[{\"@type\":\"ListItem\",\"position\":1,\"name\":\"Home\",\"item\":\"https:\/\/mckformazione.it\/en\/\"},{\"@type\":\"ListItem\",\"position\":2,\"name\":\"Shop\",\"item\":\"https:\/\/mckformazione.it\/en\/shop\/\"},{\"@type\":\"ListItem\",\"position\":3,\"name\":\"CORSO ASL Alpha Beauty\"}]},{\"@type\":\"WebSite\",\"@id\":\"https:\/\/mckformazione.it\/en\/#website\",\"url\":\"https:\/\/mckformazione.it\/en\/\",\"name\":\"MCK Formazione\",\"description\":\"\",\"publisher\":{\"@id\":\"https:\/\/mckformazione.it\/en\/#organization\"},\"potentialAction\":[{\"@type\":\"SearchAction\",\"target\":{\"@type\":\"EntryPoint\",\"urlTemplate\":\"https:\/\/mckformazione.it\/en\/?s={search_term_string}\"},\"query-input\":{\"@type\":\"PropertyValueSpecification\",\"valueRequired\":true,\"valueName\":\"search_term_string\"}}],\"inLanguage\":\"en-US\"},{\"@type\":\"Organization\",\"@id\":\"https:\/\/mckformazione.it\/en\/#organization\",\"name\":\"MCK Formazione\",\"url\":\"https:\/\/mckformazione.it\/en\/\",\"logo\":{\"@type\":\"ImageObject\",\"inLanguage\":\"en-US\",\"@id\":\"https:\/\/mckformazione.it\/en\/#\/schema\/logo\/image\/\",\"url\":\"https:\/\/mckformazione.it\/wp-content\/uploads\/2025\/01\/MCK-LOGO_COLOR_SX.png\",\"contentUrl\":\"https:\/\/mckformazione.it\/wp-content\/uploads\/2025\/01\/MCK-LOGO_COLOR_SX.png\",\"width\":800,\"height\":426,\"caption\":\"MCK Formazione\"},\"image\":{\"@id\":\"https:\/\/mckformazione.it\/en\/#\/schema\/logo\/image\/\"}}]}<\/script>\n<!-- \/ Yoast SEO plugin. -->","yoast_head_json":{"title":"MCK Formazione","robots":{"index":"index","follow":"follow","max-snippet":"max-snippet:-1","max-image-preview":"max-image-preview:large","max-video-preview":"max-video-preview:-1"},"canonical":"https:\/\/mckformazione.it\/en\/product\/corso-asl-alpha-beauty\/","og_locale":"en_US","og_type":"article","og_title":"CORSO ASL Alpha Beauty | MCK Formazione","og_description":"Competenze a fine corso Ottieni l\u2019abilitazione per esercitare la professione di dermopigmentista. Il corso \u00e8 obbligatorio con DGR n.983 del 06 luglio 2016 e permette di ottenere l\u2019attestato riconosciuto dalla Regione Puglia e ASL. Per operare nel settore del trucco permanente dovrai acquisire la qualifica regionale di tatuaggio e piercing rilasciata dall\u2019Asl. Questo corso avanzato&#8230;","og_url":"https:\/\/mckformazione.it\/en\/product\/corso-asl-alpha-beauty\/","og_site_name":"MCK Formazione","article_modified_time":"2026-02-13T09:03:46+00:00","twitter_card":"summary_large_image","twitter_misc":{"Est. reading time":"1 minute"},"schema":{"@context":"https:\/\/schema.org","@graph":[{"@type":"WebPage","@id":"https:\/\/mckformazione.it\/en\/product\/corso-asl-alpha-beauty\/","url":"https:\/\/mckformazione.it\/en\/product\/corso-asl-alpha-beauty\/","name":"CORSO ASL Alpha Beauty | MCK Formazione","isPartOf":{"@id":"https:\/\/mckformazione.it\/en\/#website"},"primaryImageOfPage":{"@id":"https:\/\/mckformazione.it\/en\/product\/corso-asl-alpha-beauty\/#primaryimage"},"image":{"@id":"https:\/\/mckformazione.it\/en\/product\/corso-asl-alpha-beauty\/#primaryimage"},"thumbnailUrl":"https:\/\/mckformazione.it\/wp-content\/uploads\/2026\/02\/corso-asl.jpg","datePublished":"2026-02-13T09:02:42+00:00","dateModified":"2026-02-13T09:03:46+00:00","breadcrumb":{"@id":"https:\/\/mckformazione.it\/en\/product\/corso-asl-alpha-beauty\/#breadcrumb"},"inLanguage":"en-US","potentialAction":[{"@type":"ReadAction","target":["https:\/\/mckformazione.it\/en\/product\/corso-asl-alpha-beauty\/"]}]},{"@type":"ImageObject","inLanguage":"en-US","@id":"https:\/\/mckformazione.it\/en\/product\/corso-asl-alpha-beauty\/#primaryimage","url":"https:\/\/mckformazione.it\/wp-content\/uploads\/2026\/02\/corso-asl.jpg","contentUrl":"https:\/\/mckformazione.it\/wp-content\/uploads\/2026\/02\/corso-asl.jpg","width":1000,"height":1000},{"@type":"BreadcrumbList","@id":"https:\/\/mckformazione.it\/en\/product\/corso-asl-alpha-beauty\/#breadcrumb","itemListElement":[{"@type":"ListItem","position":1,"name":"Home","item":"https:\/\/mckformazione.it\/en\/"},{"@type":"ListItem","position":2,"name":"Shop","item":"https:\/\/mckformazione.it\/en\/shop\/"},{"@type":"ListItem","position":3,"name":"CORSO ASL Alpha Beauty"}]},{"@type":"WebSite","@id":"https:\/\/mckformazione.it\/en\/#website","url":"https:\/\/mckformazione.it\/en\/","name":"MCK Formazione","description":"","publisher":{"@id":"https:\/\/mckformazione.it\/en\/#organization"},"potentialAction":[{"@type":"SearchAction","target":{"@type":"EntryPoint","urlTemplate":"https:\/\/mckformazione.it\/en\/?s={search_term_string}"},"query-input":{"@type":"PropertyValueSpecification","valueRequired":true,"valueName":"search_term_string"}}],"inLanguage":"en-US"},{"@type":"Organization","@id":"https:\/\/mckformazione.it\/en\/#organization","name":"MCK Formazione","url":"https:\/\/mckformazione.it\/en\/","logo":{"@type":"ImageObject","inLanguage":"en-US","@id":"https:\/\/mckformazione.it\/en\/#\/schema\/logo\/image\/","url":"https:\/\/mckformazione.it\/wp-content\/uploads\/2025\/01\/MCK-LOGO_COLOR_SX.png","contentUrl":"https:\/\/mckformazione.it\/wp-content\/uploads\/2025\/01\/MCK-LOGO_COLOR_SX.png","width":800,"height":426,"caption":"MCK Formazione"},"image":{"@id":"https:\/\/mckformazione.it\/en\/#\/schema\/logo\/image\/"}}]}},"_links":{"self":[{"href":"https:\/\/mckformazione.it\/en\/wp-json\/wp\/v2\/product\/27412","targetHints":{"allow":["GET"]}}],"collection":[{"href":"https:\/\/mckformazione.it\/en\/wp-json\/wp\/v2\/product"}],"about":[{"href":"https:\/\/mckformazione.it\/en\/wp-json\/wp\/v2\/types\/product"}],"version-history":[{"count":1,"href":"https:\/\/mckformazione.it\/en\/wp-json\/wp\/v2\/product\/27412\/revisions"}],"predecessor-version":[{"id":27466,"href":"https:\/\/mckformazione.it\/en\/wp-json\/wp\/v2\/product\/27412\/revisions\/27466"}],"wp:featuredmedia":[{"embeddable":true,"href":"https:\/\/mckformazione.it\/en\/wp-json\/wp\/v2\/media\/27428"}],"wp:attachment":[{"href":"https:\/\/mckformazione.it\/en\/wp-json\/wp\/v2\/media?parent=27412"}],"wp:term":[{"taxonomy":"product_brand","embeddable":true,"href":"https:\/\/mckformazione.it\/en\/wp-json\/wp\/v2\/product_brand?post=27412"},{"taxonomy":"product_cat","embeddable":true,"href":"https:\/\/mckformazione.it\/en\/wp-json\/wp\/v2\/product_cat?post=27412"},{"taxonomy":"product_tag","embeddable":true,"href":"https:\/\/mckformazione.it\/en\/wp-json\/wp\/v2\/product_tag?post=27412"}],"curies":[{"name":"wp","href":"https:\/\/api.w.org\/{rel}","templated":true}]}}